{"id":136,"date":"2019-12-26T07:15:56","date_gmt":"2019-12-26T06:15:56","guid":{"rendered":"http:\/\/oprawagraficzna.com.pl\/?page_id=136"},"modified":"2025-12-15T14:44:50","modified_gmt":"2025-12-15T13:44:50","slug":"contact","status":"publish","type":"page","link":"https:\/\/oprawagraficzna.com.pl\/?page_id=136","title":{"rendered":"Contact"},"content":{"rendered":"\t\t<div data-elementor-type=\"wp-page\" data-elementor-id=\"136\" class=\"elementor elementor-136\">\n\t\t\t\t\t\t<section class=\"elementor-section elementor-top-section elementor-element elementor-element-e1aae3b elementor-section-boxed elementor-section-height-default elementor-section-height-default\" data-id=\"e1aae3b\" data-element_type=\"section\" data-settings=\"{&quot;background_background&quot;:&quot;classic&quot;}\">\n\t\t\t\t\t\t<div class=\"elementor-container elementor-column-gap-wide\">\n\t\t\t\t\t<div class=\"aux-parallax-section elementor-column elementor-col-25 elementor-top-column elementor-element elementor-element-e26aca7\" data-id=\"e26aca7\" data-element_type=\"column\" data-settings=\"{&quot;background_background&quot;:&quot;classic&quot;}\">\n\t\t\t<div class=\"elementor-widget-wrap elementor-element-populated\">\n\t\t\t\t\t\t<div class=\"elementor-element elementor-element-6665b60 aux-appear-watch-animation aux-fade-in-right-1 elementor-widget elementor-widget-aux_text\" data-id=\"6665b60\" data-element_type=\"widget\" data-widget_type=\"aux_text.default\">\n\t\t\t\t<div class=\"elementor-widget-container\">\n\t\t\t<section class=\"widget-container aux-widget-text aux-parent-aua699b14c\">        <div class=\"aux-widget-advanced-text aux-wrap-style-simple aux-ico-pos-top aux-text-center aux-text-resp- aux-text-color-dark aux-text-widget-bg-center  \" >\n        \n                            <div class=\"aux-text-widget-header \"  >\n                        <div class=\"aux-ico-box aux-ico-large aux-ico-shape-circle aux-ico-clear \">\n                                                            <span class=\"aux-ico auxicon-mail\" > <\/span>\n                                                    <\/div>\n                <\/div>\n            \n            <div class=\"aux-text-inner aux-text-widget-content\">\n                                <h4 class=\"col-title\">Adres e-mail<\/h4>\n                                <div class=\"widget-content\">\n                                        <p>kreacjagraficzna@gmail.com<\/p>                <\/div>\n                            <\/div>\n        <\/div>\n                    <div class=\"aux-text-widget-footer\">\n                <div class=\"aux-border-shape-none \">\n                                <\/div>\n            <\/div>\n        \n<\/section><!-- widget-container -->\t\t<\/div>\n\t\t\t\t<\/div>\n\t\t\t\t\t<\/div>\n\t\t<\/div>\n\t\t\t\t<div class=\"aux-parallax-section elementor-column elementor-col-25 elementor-top-column elementor-element elementor-element-dc28e27\" data-id=\"dc28e27\" data-element_type=\"column\">\n\t\t\t<div class=\"elementor-widget-wrap elementor-element-populated\">\n\t\t\t\t\t\t<div class=\"elementor-element elementor-element-64ac072 aux-appear-watch-animation aux-fade-in-right-1 elementor-widget elementor-widget-aux_text\" data-id=\"64ac072\" data-element_type=\"widget\" data-widget_type=\"aux_text.default\">\n\t\t\t\t<div class=\"elementor-widget-container\">\n\t\t\t<section class=\"widget-container aux-widget-text aux-parent-au6b3e4b03\">        <div class=\"aux-widget-advanced-text aux-wrap-style-simple aux-ico-pos-top aux-text-center aux-text-resp- aux-text-color-dark aux-text-widget-bg-center  \" >\n        \n                            <div class=\"aux-text-widget-header \"  >\n                        <div class=\"aux-ico-box aux-ico-large aux-ico-shape-circle aux-ico-clear \">\n                                                            <span class=\"aux-ico auxicon-iphone-streamline\" > <\/span>\n                                                    <\/div>\n                <\/div>\n            \n            <div class=\"aux-text-inner aux-text-widget-content\">\n                                <h4 class=\"col-title\">Telefon<\/h4>\n                                <div class=\"widget-content\">\n                                        <p>+48 732 237 233<br \/><br \/><\/p>                <\/div>\n                            <\/div>\n        <\/div>\n                    <div class=\"aux-text-widget-footer\">\n                <div class=\"aux-border-shape-none \">\n                                <\/div>\n            <\/div>\n        \n<\/section><!-- widget-container -->\t\t<\/div>\n\t\t\t\t<\/div>\n\t\t\t\t\t<\/div>\n\t\t<\/div>\n\t\t\t\t<div class=\"aux-parallax-section elementor-column elementor-col-25 elementor-top-column elementor-element elementor-element-766972c\" data-id=\"766972c\" data-element_type=\"column\">\n\t\t\t<div class=\"elementor-widget-wrap elementor-element-populated\">\n\t\t\t\t\t\t<div class=\"elementor-element elementor-element-5ce507f aux-appear-watch-animation aux-fade-in-right-1 elementor-widget elementor-widget-aux_text\" data-id=\"5ce507f\" data-element_type=\"widget\" data-widget_type=\"aux_text.default\">\n\t\t\t\t<div class=\"elementor-widget-container\">\n\t\t\t<section class=\"widget-container aux-widget-text aux-parent-audf76d7a5\">        <div class=\"aux-widget-advanced-text aux-wrap-style-simple aux-ico-pos-top aux-text-center aux-text-resp- aux-text-color-dark aux-text-widget-bg-center  \" >\n        \n                            <div class=\"aux-text-widget-header \"  >\n                        <div class=\"aux-ico-box aux-ico-large aux-ico-shape-circle aux-ico-clear \">\n                                                            <span class=\"aux-ico auxicon-ios-clock-outline\" > <\/span>\n                                                    <\/div>\n                <\/div>\n            \n            <div class=\"aux-text-inner aux-text-widget-content\">\n                                <h4 class=\"col-title\">Dost\u0119pno\u015b\u0107<\/h4>\n                                <div class=\"widget-content\">\n                                        <p>Poniedzia\u0142ek - Pi\u0105tek\u00a0<br \/>od 9:00 - 21:00<\/p>                <\/div>\n                            <\/div>\n        <\/div>\n                    <div class=\"aux-text-widget-footer\">\n                <div class=\"aux-border-shape-none \">\n                                <\/div>\n            <\/div>\n        \n<\/section><!-- widget-container -->\t\t<\/div>\n\t\t\t\t<\/div>\n\t\t\t\t\t<\/div>\n\t\t<\/div>\n\t\t\t\t<div class=\"aux-parallax-section elementor-column elementor-col-25 elementor-top-column elementor-element elementor-element-2184feb\" data-id=\"2184feb\" data-element_type=\"column\">\n\t\t\t<div class=\"elementor-widget-wrap elementor-element-populated\">\n\t\t\t\t\t\t<div class=\"elementor-element elementor-element-5014d93 aux-appear-watch-animation aux-fade-in-right-1 elementor-widget elementor-widget-aux_text\" data-id=\"5014d93\" data-element_type=\"widget\" data-widget_type=\"aux_text.default\">\n\t\t\t\t<div class=\"elementor-widget-container\">\n\t\t\t<section class=\"widget-container aux-widget-text aux-parent-auf7613b37\">        <div class=\"aux-widget-advanced-text aux-wrap-style-simple aux-ico-pos-top aux-text-center aux-text-resp- aux-text-color-dark aux-text-widget-bg-center  \" >\n        \n                            <div class=\"aux-text-widget-header \"  >\n                        <div class=\"aux-ico-box aux-ico-large aux-ico-shape-circle aux-ico-clear \">\n                                                            <span class=\"aux-ico auxicon-map-pin-streamline\" > <\/span>\n                                                    <\/div>\n                <\/div>\n            \n            <div class=\"aux-text-inner aux-text-widget-content\">\n                                <h4 class=\"col-title\">Adres<\/h4>\n                                <div class=\"widget-content\">\n                                        <p>ul. Zwierzyniecka 38\/29<br \/>43-300 Bielsko Bia\u0142a<\/p>                <\/div>\n                            <\/div>\n        <\/div>\n                    <div class=\"aux-text-widget-footer\">\n                <div class=\"aux-border-shape-none \">\n                                <\/div>\n            <\/div>\n        \n<\/section><!-- widget-container -->\t\t<\/div>\n\t\t\t\t<\/div>\n\t\t\t\t\t<\/div>\n\t\t<\/div>\n\t\t\t\t\t<\/div>\n\t\t<\/section>\n\t\t\t\t<section class=\"elementor-section elementor-top-section elementor-element elementor-element-9f21528 elementor-section-boxed elementor-section-height-default elementor-section-height-default\" data-id=\"9f21528\" data-element_type=\"section\" data-settings=\"{&quot;background_background&quot;:&quot;classic&quot;}\">\n\t\t\t\t\t\t<div class=\"elementor-container elementor-column-gap-default\">\n\t\t\t\t\t<div class=\"aux-parallax-section elementor-column elementor-col-50 elementor-top-column elementor-element elementor-element-7852e2c\" data-id=\"7852e2c\" data-element_type=\"column\">\n\t\t\t<div class=\"elementor-widget-wrap elementor-element-populated\">\n\t\t\t\t\t\t<div class=\"elementor-element elementor-element-cca6f38 aux-appear-watch-animation aux-fade-in-up-1 elementor-widget elementor-widget-aux_modern_heading\" data-id=\"cca6f38\" data-element_type=\"widget\" data-widget_type=\"aux_modern_heading.default\">\n\t\t\t\t<div class=\"elementor-widget-container\">\n\t\t\t<section class=\"aux-widget-modern-heading\">\n            <div class=\"aux-widget-inner\"><h2 class=\"aux-modern-heading-primary\">NAPISZ DO NAS<\/h2><h3 class=\"aux-modern-heading-secondary\"><span class=\"aux-head-before\">Masz Pytania?<\/span><\/h3><div class=\"aux-modern-heading-description\"><p>Masz pytania lub potrzebujesz wi\u0119cej informacji? Skontaktuj si\u0119 z nami ju\u017c dzi\u015b! Ch\u0119tnie pomo\u017cemy w stworzeniu strony internetowej, kt\u00f3ra przyci\u0105gnie klient\u00f3w i zwi\u0119kszy Twoje zyski. Odpowiemy na wszystkie Twoje pytania i zaproponujemy rozwi\u0105zania dopasowane do Twoich potrzeb. Czekamy na Twoj\u0105 wiadomo\u015b\u0107!<\/p><\/div><\/div>\n        <\/section>\t\t<\/div>\n\t\t\t\t<\/div>\n\t\t\t\t\t<\/div>\n\t\t<\/div>\n\t\t\t\t<div class=\"aux-parallax-section elementor-column elementor-col-50 elementor-top-column elementor-element elementor-element-046f933\" data-id=\"046f933\" data-element_type=\"column\">\n\t\t\t<div class=\"elementor-widget-wrap elementor-element-populated\">\n\t\t\t\t\t\t<div class=\"elementor-element elementor-element-f8e2278 elementor-widget elementor-widget-image\" data-id=\"f8e2278\" data-element_type=\"widget\" data-widget_type=\"image.default\">\n\t\t\t\t<div class=\"elementor-widget-container\">\n\t\t\t\t\t\t\t\t\t\t\t\t\t<img fetchpriority=\"high\" decoding=\"async\" width=\"1024\" height=\"1024\" src=\"https:\/\/oprawagraficzna.com.pl\/wp-content\/uploads\/2024\/07\/Zasob-2-1024x1024.png\" class=\"attachment-large size-large wp-image-190\" alt=\"\" srcset=\"https:\/\/oprawagraficzna.com.pl\/wp-content\/uploads\/2024\/07\/Zasob-2-1024x1024.png 1024w, https:\/\/oprawagraficzna.com.pl\/wp-content\/uploads\/2024\/07\/Zasob-2-300x300.png 300w, https:\/\/oprawagraficzna.com.pl\/wp-content\/uploads\/2024\/07\/Zasob-2-150x150.png 150w, https:\/\/oprawagraficzna.com.pl\/wp-content\/uploads\/2024\/07\/Zasob-2-768x768.png 768w, https:\/\/oprawagraficzna.com.pl\/wp-content\/uploads\/2024\/07\/Zasob-2-100x100.png 100w\" sizes=\"(max-width: 1024px) 100vw, 1024px\" \/>\t\t\t\t\t\t\t\t\t\t\t\t\t<\/div>\n\t\t\t\t<\/div>\n\t\t\t\t\t<\/div>\n\t\t<\/div>\n\t\t\t\t\t<\/div>\n\t\t<\/section>\n\t\t\t\t<section class=\"elementor-section elementor-top-section elementor-element elementor-element-55613ac elementor-section-full_width elementor-section-height-default elementor-section-height-default\" data-id=\"55613ac\" data-element_type=\"section\">\n\t\t\t\t\t\t<div class=\"elementor-container elementor-column-gap-default\">\n\t\t\t\t\t<div class=\"aux-parallax-section elementor-column elementor-col-100 elementor-top-column elementor-element elementor-element-a1ec5bb\" data-id=\"a1ec5bb\" data-element_type=\"column\">\n\t\t\t<div class=\"elementor-widget-wrap elementor-element-populated\">\n\t\t\t\t\t\t<div class=\"elementor-element elementor-element-6a0a80a elementor-widget elementor-widget-google_maps\" data-id=\"6a0a80a\" data-element_type=\"widget\" data-widget_type=\"google_maps.default\">\n\t\t\t\t<div class=\"elementor-widget-container\">\n\t\t\t\t\t<div class=\"elementor-custom-embed\">\n\t\t\t<iframe loading=\"lazy\"\n\t\t\t\t\tsrc=\"https:\/\/maps.google.com\/maps?q=Komorowicka%2039%2C%20Bielsko%20Bia%C5%82a&#038;t=m&#038;z=7&#038;output=embed&#038;iwloc=near\"\n\t\t\t\t\ttitle=\"Komorowicka 39, Bielsko Bia\u0142a\"\n\t\t\t\t\taria-label=\"Komorowicka 39, Bielsko Bia\u0142a\"\n\t\t\t><\/iframe>\n\t\t<\/div>\n\t\t\t\t<\/div>\n\t\t\t\t<\/div>\n\t\t\t\t\t<\/div>\n\t\t<\/div>\n\t\t\t\t\t<\/div>\n\t\t<\/section>\n\t\t\t\t<\/div>\n\t\t","protected":false},"excerpt":{"rendered":"<p>Adres e-mail kreacjagraficzna@gmail.com Telefon +48 732 237 233 Dost\u0119pno\u015b\u0107 Poniedzia\u0142ek &#8211; Pi\u0105tek\u00a0od 9:00 &#8211; 21:00 Adres ul. Zwierzyniecka 38\/2943-300 Bielsko Bia\u0142a NAPISZ DO NAS Masz Pytania? Masz pytania lub potrzebujesz wi\u0119cej informacji? Skontaktuj si\u0119 z nami ju\u017c dzi\u015b! Ch\u0119tnie pomo\u017cemy w stworzeniu strony internetowej, kt\u00f3ra przyci\u0105gnie klient\u00f3w i zwi\u0119kszy Twoje zyski. Odpowiemy na wszystkie Twoje [&hellip;]<\/p>\n","protected":false},"author":1,"featured_media":0,"parent":0,"menu_order":0,"comment_status":"closed","ping_status":"closed","template":"templates\/page-builder-content.php","meta":{"footnotes":""},"class_list":["post-136","page","type-page","status-publish","hentry"],"yoast_head":"<!-- This site is optimized with the Yoast SEO plugin v23.3 - https:\/\/yoast.com\/wordpress\/plugins\/seo\/ -->\n<title>Contact - Grafik komputerowy<\/title>\n<meta name=\"robots\" content=\"index, follow, max-snippet:-1, max-image-preview:large, max-video-preview:-1\" \/>\n<link rel=\"canonical\" href=\"https:\/\/oprawagraficzna.com.pl\/?page_id=136\" \/>\n<meta property=\"og:locale\" content=\"en_US\" \/>\n<meta property=\"og:type\" content=\"article\" \/>\n<meta property=\"og:title\" content=\"Contact - Grafik komputerowy\" \/>\n<meta property=\"og:description\" content=\"Adres e-mail kreacjagraficzna@gmail.com Telefon +48 732 237 233 Dost\u0119pno\u015b\u0107 Poniedzia\u0142ek &#8211; Pi\u0105tek\u00a0od 9:00 &#8211; 21:00 Adres ul. Zwierzyniecka 38\/2943-300 Bielsko Bia\u0142a NAPISZ DO NAS Masz Pytania? Masz pytania lub potrzebujesz wi\u0119cej informacji? Skontaktuj si\u0119 z nami ju\u017c dzi\u015b! Ch\u0119tnie pomo\u017cemy w stworzeniu strony internetowej, kt\u00f3ra przyci\u0105gnie klient\u00f3w i zwi\u0119kszy Twoje zyski. Odpowiemy na wszystkie Twoje [&hellip;]\" \/>\n<meta property=\"og:url\" content=\"https:\/\/oprawagraficzna.com.pl\/?page_id=136\" \/>\n<meta property=\"og:site_name\" content=\"Grafik komputerowy\" \/>\n<meta property=\"article:modified_time\" content=\"2025-12-15T13:44:50+00:00\" \/>\n<meta property=\"og:image\" content=\"http:\/\/oprawagraficzna.com.pl\/wp-content\/uploads\/2024\/07\/Zasob-2-1024x1024.png\" \/>\n<meta name=\"twitter:card\" content=\"summary_large_image\" \/>\n<meta name=\"twitter:label1\" content=\"Est. reading time\" \/>\n\t<meta name=\"twitter:data1\" content=\"1 minute\" \/>\n<script type=\"application\/ld+json\" class=\"yoast-schema-graph\">{\"@context\":\"https:\/\/schema.org\",\"@graph\":[{\"@type\":\"WebPage\",\"@id\":\"https:\/\/oprawagraficzna.com.pl\/?page_id=136\",\"url\":\"https:\/\/oprawagraficzna.com.pl\/?page_id=136\",\"name\":\"Contact - Grafik komputerowy\",\"isPartOf\":{\"@id\":\"http:\/\/oprawagraficzna.com.pl\/#website\"},\"primaryImageOfPage\":{\"@id\":\"https:\/\/oprawagraficzna.com.pl\/?page_id=136#primaryimage\"},\"image\":{\"@id\":\"https:\/\/oprawagraficzna.com.pl\/?page_id=136#primaryimage\"},\"thumbnailUrl\":\"http:\/\/oprawagraficzna.com.pl\/wp-content\/uploads\/2024\/07\/Zasob-2-1024x1024.png\",\"datePublished\":\"2019-12-26T06:15:56+00:00\",\"dateModified\":\"2025-12-15T13:44:50+00:00\",\"breadcrumb\":{\"@id\":\"https:\/\/oprawagraficzna.com.pl\/?page_id=136#breadcrumb\"},\"inLanguage\":\"en-US\",\"potentialAction\":[{\"@type\":\"ReadAction\",\"target\":[\"https:\/\/oprawagraficzna.com.pl\/?page_id=136\"]}]},{\"@type\":\"ImageObject\",\"inLanguage\":\"en-US\",\"@id\":\"https:\/\/oprawagraficzna.com.pl\/?page_id=136#primaryimage\",\"url\":\"http:\/\/oprawagraficzna.com.pl\/wp-content\/uploads\/2024\/07\/Zasob-2-1024x1024.png\",\"contentUrl\":\"http:\/\/oprawagraficzna.com.pl\/wp-content\/uploads\/2024\/07\/Zasob-2-1024x1024.png\"},{\"@type\":\"BreadcrumbList\",\"@id\":\"https:\/\/oprawagraficzna.com.pl\/?page_id=136#breadcrumb\",\"itemListElement\":[{\"@type\":\"ListItem\",\"position\":1,\"name\":\"Strona g\u0142\u00f3wna\",\"item\":\"http:\/\/oprawagraficzna.com.pl\/\"},{\"@type\":\"ListItem\",\"position\":2,\"name\":\"Contact\"}]},{\"@type\":\"WebSite\",\"@id\":\"http:\/\/oprawagraficzna.com.pl\/#website\",\"url\":\"http:\/\/oprawagraficzna.com.pl\/\",\"name\":\"Kreacja wizerunku marki\",\"description\":\"Kreujemy wizerunek Twojej firmy\",\"publisher\":{\"@id\":\"http:\/\/oprawagraficzna.com.pl\/#\/schema\/person\/2f31e60b1f9f7a77ebd879ba419ffd3d\"},\"alternateName\":\"kreacja\",\"potentialAction\":[{\"@type\":\"SearchAction\",\"target\":{\"@type\":\"EntryPoint\",\"urlTemplate\":\"http:\/\/oprawagraficzna.com.pl\/?s={search_term_string}\"},\"query-input\":\"required name=search_term_string\"}],\"inLanguage\":\"en-US\"},{\"@type\":[\"Person\",\"Organization\"],\"@id\":\"http:\/\/oprawagraficzna.com.pl\/#\/schema\/person\/2f31e60b1f9f7a77ebd879ba419ffd3d\",\"name\":\"admin\",\"image\":{\"@type\":\"ImageObject\",\"inLanguage\":\"en-US\",\"@id\":\"http:\/\/oprawagraficzna.com.pl\/#\/schema\/person\/image\/\",\"url\":\"https:\/\/oprawagraficzna.com.pl\/wp-content\/uploads\/2020\/01\/cropped-cropped-kreacjaaa-1.png\",\"contentUrl\":\"https:\/\/oprawagraficzna.com.pl\/wp-content\/uploads\/2020\/01\/cropped-cropped-kreacjaaa-1.png\",\"width\":300,\"height\":77,\"caption\":\"admin\"},\"logo\":{\"@id\":\"http:\/\/oprawagraficzna.com.pl\/#\/schema\/person\/image\/\"},\"sameAs\":[\"http:\/\/oprawagraficzna.com.pl\"]}]}<\/script>\n<!-- \/ Yoast SEO plugin. -->","yoast_head_json":{"title":"Contact - Grafik komputerowy","robots":{"index":"index","follow":"follow","max-snippet":"max-snippet:-1","max-image-preview":"max-image-preview:large","max-video-preview":"max-video-preview:-1"},"canonical":"https:\/\/oprawagraficzna.com.pl\/?page_id=136","og_locale":"en_US","og_type":"article","og_title":"Contact - Grafik komputerowy","og_description":"Adres e-mail kreacjagraficzna@gmail.com Telefon +48 732 237 233 Dost\u0119pno\u015b\u0107 Poniedzia\u0142ek &#8211; Pi\u0105tek\u00a0od 9:00 &#8211; 21:00 Adres ul. Zwierzyniecka 38\/2943-300 Bielsko Bia\u0142a NAPISZ DO NAS Masz Pytania? Masz pytania lub potrzebujesz wi\u0119cej informacji? Skontaktuj si\u0119 z nami ju\u017c dzi\u015b! Ch\u0119tnie pomo\u017cemy w stworzeniu strony internetowej, kt\u00f3ra przyci\u0105gnie klient\u00f3w i zwi\u0119kszy Twoje zyski. Odpowiemy na wszystkie Twoje [&hellip;]","og_url":"https:\/\/oprawagraficzna.com.pl\/?page_id=136","og_site_name":"Grafik komputerowy","article_modified_time":"2025-12-15T13:44:50+00:00","og_image":[{"url":"http:\/\/oprawagraficzna.com.pl\/wp-content\/uploads\/2024\/07\/Zasob-2-1024x1024.png"}],"twitter_card":"summary_large_image","twitter_misc":{"Est. reading time":"1 minute"},"schema":{"@context":"https:\/\/schema.org","@graph":[{"@type":"WebPage","@id":"https:\/\/oprawagraficzna.com.pl\/?page_id=136","url":"https:\/\/oprawagraficzna.com.pl\/?page_id=136","name":"Contact - Grafik komputerowy","isPartOf":{"@id":"http:\/\/oprawagraficzna.com.pl\/#website"},"primaryImageOfPage":{"@id":"https:\/\/oprawagraficzna.com.pl\/?page_id=136#primaryimage"},"image":{"@id":"https:\/\/oprawagraficzna.com.pl\/?page_id=136#primaryimage"},"thumbnailUrl":"http:\/\/oprawagraficzna.com.pl\/wp-content\/uploads\/2024\/07\/Zasob-2-1024x1024.png","datePublished":"2019-12-26T06:15:56+00:00","dateModified":"2025-12-15T13:44:50+00:00","breadcrumb":{"@id":"https:\/\/oprawagraficzna.com.pl\/?page_id=136#breadcrumb"},"inLanguage":"en-US","potentialAction":[{"@type":"ReadAction","target":["https:\/\/oprawagraficzna.com.pl\/?page_id=136"]}]},{"@type":"ImageObject","inLanguage":"en-US","@id":"https:\/\/oprawagraficzna.com.pl\/?page_id=136#primaryimage","url":"http:\/\/oprawagraficzna.com.pl\/wp-content\/uploads\/2024\/07\/Zasob-2-1024x1024.png","contentUrl":"http:\/\/oprawagraficzna.com.pl\/wp-content\/uploads\/2024\/07\/Zasob-2-1024x1024.png"},{"@type":"BreadcrumbList","@id":"https:\/\/oprawagraficzna.com.pl\/?page_id=136#breadcrumb","itemListElement":[{"@type":"ListItem","position":1,"name":"Strona g\u0142\u00f3wna","item":"http:\/\/oprawagraficzna.com.pl\/"},{"@type":"ListItem","position":2,"name":"Contact"}]},{"@type":"WebSite","@id":"http:\/\/oprawagraficzna.com.pl\/#website","url":"http:\/\/oprawagraficzna.com.pl\/","name":"Kreacja wizerunku marki","description":"Kreujemy wizerunek Twojej firmy","publisher":{"@id":"http:\/\/oprawagraficzna.com.pl\/#\/schema\/person\/2f31e60b1f9f7a77ebd879ba419ffd3d"},"alternateName":"kreacja","potentialAction":[{"@type":"SearchAction","target":{"@type":"EntryPoint","urlTemplate":"http:\/\/oprawagraficzna.com.pl\/?s={search_term_string}"},"query-input":"required name=search_term_string"}],"inLanguage":"en-US"},{"@type":["Person","Organization"],"@id":"http:\/\/oprawagraficzna.com.pl\/#\/schema\/person\/2f31e60b1f9f7a77ebd879ba419ffd3d","name":"admin","image":{"@type":"ImageObject","inLanguage":"en-US","@id":"http:\/\/oprawagraficzna.com.pl\/#\/schema\/person\/image\/","url":"https:\/\/oprawagraficzna.com.pl\/wp-content\/uploads\/2020\/01\/cropped-cropped-kreacjaaa-1.png","contentUrl":"https:\/\/oprawagraficzna.com.pl\/wp-content\/uploads\/2020\/01\/cropped-cropped-kreacjaaa-1.png","width":300,"height":77,"caption":"admin"},"logo":{"@id":"http:\/\/oprawagraficzna.com.pl\/#\/schema\/person\/image\/"},"sameAs":["http:\/\/oprawagraficzna.com.pl"]}]}},"jetpack_sharing_enabled":true,"_links":{"self":[{"href":"https:\/\/oprawagraficzna.com.pl\/index.php?rest_route=\/wp\/v2\/pages\/136","targetHints":{"allow":["GET"]}}],"collection":[{"href":"https:\/\/oprawagraficzna.com.pl\/index.php?rest_route=\/wp\/v2\/pages"}],"about":[{"href":"https:\/\/oprawagraficzna.com.pl\/index.php?rest_route=\/wp\/v2\/types\/page"}],"author":[{"embeddable":true,"href":"https:\/\/oprawagraficzna.com.pl\/index.php?rest_route=\/wp\/v2\/users\/1"}],"replies":[{"embeddable":true,"href":"https:\/\/oprawagraficzna.com.pl\/index.php?rest_route=%2Fwp%2Fv2%2Fcomments&post=136"}],"version-history":[{"count":30,"href":"https:\/\/oprawagraficzna.com.pl\/index.php?rest_route=\/wp\/v2\/pages\/136\/revisions"}],"predecessor-version":[{"id":847,"href":"https:\/\/oprawagraficzna.com.pl\/index.php?rest_route=\/wp\/v2\/pages\/136\/revisions\/847"}],"wp:attachment":[{"href":"https:\/\/oprawagraficzna.com.pl\/index.php?rest_route=%2Fwp%2Fv2%2Fmedia&parent=136"}],"curies":[{"name":"wp","href":"https:\/\/api.w.org\/{rel}","templated":true}]}}